{"id":9743,"date":"2025-09-07T14:13:01","date_gmt":"2025-09-07T14:13:01","guid":{"rendered":"https:\/\/darkorchid-walrus-733274.hostingersite.com\/?page_id=9743"},"modified":"2025-09-10T07:04:56","modified_gmt":"2025-09-10T07:04:56","slug":"best-sellers-events","status":"publish","type":"page","link":"https:\/\/gxcibiza.com\/it\/best-sellers-events\/","title":{"rendered":"Ibiza&#8217;s Best Seller Events"},"content":{"rendered":"<div data-elementor-type=\"wp-page\" data-elementor-id=\"9743\" class=\"elementor elementor-9743\" data-elementor-post-type=\"page\">\n\t\t\t\t<div class=\"elementor-element elementor-element-729f148 e-flex e-con-boxed e-con e-parent\" data-id=\"729f148\" data-element_type=\"container\" data-e-type=\"container\" data-settings=\"{&quot;background_background&quot;:&quot;classic&quot;}\">\n\t\t\t\t\t<div class=\"e-con-inner\">\n\t\t<div class=\"elementor-element elementor-element-9f81a2c e-con-full e-flex e-con e-child\" data-id=\"9f81a2c\" data-element_type=\"container\" data-e-type=\"container\">\n\t\t\t\t<div class=\"elementor-element elementor-element-f8cfe42 elementor-widget__width-inherit elementor-widget elementor-widget-heading\" data-id=\"f8cfe42\" data-element_type=\"widget\" data-e-type=\"widget\" data-widget_type=\"heading.default\">\n\t\t\t\t\t<h2 class=\"elementor-heading-title elementor-size-default\">Il tuo prossimo<\/h2>\t\t\t\t<\/div>\n\t\t\t\t<div class=\"elementor-element elementor-element-59d4f47 elementor-widget__width-inherit elementor-widget elementor-widget-heading\" data-id=\"59d4f47\" data-element_type=\"widget\" data-e-type=\"widget\" data-widget_type=\"heading.default\">\n\t\t\t\t\t<h2 class=\"elementor-heading-title elementor-size-default\">MOMENTI INDIMENTICABILI<\/h2>\t\t\t\t<\/div>\n\t\t\t\t<div class=\"elementor-element elementor-element-cc01c8d elementor-widget__width-inherit elementor-widget elementor-widget-heading\" data-id=\"cc01c8d\" data-element_type=\"widget\" data-e-type=\"widget\" data-widget_type=\"heading.default\">\n\t\t\t\t\t<h2 class=\"elementor-heading-title elementor-size-default\">Inizia qui!<\/h2>\t\t\t\t<\/div>\n\t\t\t\t<\/div>\n\t\t<div class=\"elementor-element elementor-element-7fee19d e-con-full e-flex e-con e-child\" data-id=\"7fee19d\" data-element_type=\"container\" data-e-type=\"container\">\n\t\t\t\t<div class=\"elementor-element elementor-element-4cccd5f elementor-view-default elementor-widget elementor-widget-icon\" data-id=\"4cccd5f\" data-element_type=\"widget\" data-e-type=\"widget\" data-widget_type=\"icon.default\">\n\t\t\t\t\t\t\t<div class=\"elementor-icon-wrapper\">\n\t\t\t<div class=\"elementor-icon\">\n\t\t\t<svg aria-hidden=\"true\" class=\"e-font-icon-svg e-fas-fire-alt\" viewbox=\"0 0 448 512\" xmlns=\"http:\/\/www.w3.org\/2000\/svg\"><path d=\"M323.56 51.2c-20.8 19.3-39.58 39.59-56.22 59.97C240.08 73.62 206.28 35.53 168 0 69.74 91.17 0 209.96 0 281.6 0 408.85 100.29 512 224 512s224-103.15 224-230.4c0-53.27-51.98-163.14-124.44-230.4zm-19.47 340.65C282.43 407.01 255.72 416 226.86 416 154.71 416 96 368.26 96 290.75c0-38.61 24.31-72.63 72.79-130.75 6.93 7.98 98.83 125.34 98.83 125.34l58.63-66.88c4.14 6.85 7.91 13.55 11.27 19.97 27.35 52.19 15.81 118.97-33.43 153.42z\"><\/path><\/svg>\t\t\t<\/div>\n\t\t<\/div>\n\t\t\t\t\t\t<\/div>\n\t\t\t\t<div class=\"elementor-element elementor-element-ecb957b elementor-widget elementor-widget-heading\" data-id=\"ecb957b\" data-element_type=\"widget\" data-e-type=\"widget\" data-widget_type=\"heading.default\">\n\t\t\t\t\t<h2 class=\"elementor-heading-title elementor-size-default\">MIGLIOR VENDITORE<\/h2>\t\t\t\t<\/div>\n\t\t\t\t<\/div>\n\t\t<div class=\"elementor-element elementor-element-6ab6b79 e-grid e-con-full e-con e-child\" data-id=\"6ab6b79\" data-element_type=\"container\" data-e-type=\"container\">\n\t\t<div class=\"elementor-element elementor-element-7c395ff e-con-full e-flex e-con e-child\" data-id=\"7c395ff\" data-element_type=\"container\" data-e-type=\"container\" data-settings=\"{&quot;background_background&quot;:&quot;classic&quot;}\">\n\t\t\t\t<div class=\"elementor-element elementor-element-dc945f9 elementor-align-center discover-bestseller elementor-widget elementor-widget-button\" data-id=\"dc945f9\" data-element_type=\"widget\" data-e-type=\"widget\" data-widget_type=\"button.default\">\n\t\t\t\t\t\t\t\t\t\t<a class=\"elementor-button elementor-button-link elementor-size-sm\" href=\"https:\/\/darkorchid-walrus-733274.hostingersite.com\/boat-party-ibiza\/\">\n\t\t\t\t\t\t<span class=\"elementor-button-content-wrapper\">\n\t\t\t\t\t\t\t\t\t<span class=\"elementor-button-text\">Scoprire di pi\u00f9<\/span>\n\t\t\t\t\t<\/span>\n\t\t\t\t\t<\/a>\n\t\t\t\t\t\t\t\t<\/div>\n\t\t\t\t<div class=\"elementor-element elementor-element-54b6dbe elementor-widget elementor-widget-heading\" data-id=\"54b6dbe\" data-element_type=\"widget\" data-e-type=\"widget\" data-widget_type=\"heading.default\">\n\t\t\t\t\t<h2 class=\"elementor-heading-title elementor-size-default\">N.1 FESTA IN BARCA A IBIZA<\/h2>\t\t\t\t<\/div>\n\t\t\t\t<\/div>\n\t\t<div class=\"elementor-element elementor-element-a15a725 e-con-full e-flex e-con e-child\" data-id=\"a15a725\" data-element_type=\"container\" data-e-type=\"container\" data-settings=\"{&quot;background_background&quot;:&quot;classic&quot;}\">\n\t\t\t\t<div class=\"elementor-element elementor-element-1c3afdd elementor-align-center discover-bestseller elementor-widget elementor-widget-button\" data-id=\"1c3afdd\" data-element_type=\"widget\" data-e-type=\"widget\" data-widget_type=\"button.default\">\n\t\t\t\t\t\t\t\t\t\t<a class=\"elementor-button elementor-button-link elementor-size-sm\" href=\"https:\/\/darkorchid-walrus-733274.hostingersite.com\/tantra-club\/\">\n\t\t\t\t\t\t<span class=\"elementor-button-content-wrapper\">\n\t\t\t\t\t\t\t\t\t<span class=\"elementor-button-text\">Scoprire di pi\u00f9<\/span>\n\t\t\t\t\t<\/span>\n\t\t\t\t\t<\/a>\n\t\t\t\t\t\t\t\t<\/div>\n\t\t\t\t<div class=\"elementor-element elementor-element-72d0df9 elementor-widget elementor-widget-heading\" data-id=\"72d0df9\" data-element_type=\"widget\" data-e-type=\"widget\" data-widget_type=\"heading.default\">\n\t\t\t\t\t<h2 class=\"elementor-heading-title elementor-size-default\">TUTTO DA BERE!<\/h2>\t\t\t\t<\/div>\n\t\t\t\t<\/div>\n\t\t<div class=\"elementor-element elementor-element-a4fee79 e-con-full e-flex e-con e-child\" data-id=\"a4fee79\" data-element_type=\"container\" data-e-type=\"container\" data-settings=\"{&quot;background_background&quot;:&quot;classic&quot;}\">\n\t\t\t\t<div class=\"elementor-element elementor-element-92387e8 elementor-align-center discover-bestseller elementor-widget elementor-widget-button\" data-id=\"92387e8\" data-element_type=\"widget\" data-e-type=\"widget\" data-widget_type=\"button.default\">\n\t\t\t\t\t\t\t\t\t\t<a class=\"elementor-button elementor-button-link elementor-size-sm\" href=\"https:\/\/darkorchid-walrus-733274.hostingersite.com\/formentera-excursions\/\">\n\t\t\t\t\t\t<span class=\"elementor-button-content-wrapper\">\n\t\t\t\t\t\t\t\t\t<span class=\"elementor-button-text\">Scoprire di pi\u00f9<\/span>\n\t\t\t\t\t<\/span>\n\t\t\t\t\t<\/a>\n\t\t\t\t\t\t\t\t<\/div>\n\t\t\t\t<div class=\"elementor-element elementor-element-0ce4c47 elementor-widget elementor-widget-heading\" data-id=\"0ce4c47\" data-element_type=\"widget\" data-e-type=\"widget\" data-widget_type=\"heading.default\">\n\t\t\t\t\t<h2 class=\"elementor-heading-title elementor-size-default\">Le migliori escursioni a Formentera<\/h2>\t\t\t\t<\/div>\n\t\t\t\t<\/div>\n\t\t\t\t<\/div>\n\t\t<div class=\"elementor-element elementor-element-fd1622c e-con-full e-flex e-con e-child\" data-id=\"fd1622c\" data-element_type=\"container\" data-e-type=\"container\">\n\t\t\t\t<div class=\"elementor-element elementor-element-e08c562 elementor-widget elementor-widget-text-editor\" data-id=\"e08c562\" data-element_type=\"widget\" data-e-type=\"widget\" data-widget_type=\"text-editor.default\">\n\t\t\t\t\t\t\t\t\t<p>Da epici Boat Party ed escursioni a yacht di lusso, dall'accesso a club esclusivi a ville private.<br \/>Siamo qui 24 ore su 24, 7 giorni su 7, per aiutarvi a pianificare la vostra ultima esperienza a Ibiza.<\/p>\t\t\t\t\t\t\t\t<\/div>\n\t\t\t\t<div class=\"elementor-element elementor-element-f986abc elementor-widget elementor-widget-text-editor\" data-id=\"f986abc\" data-element_type=\"widget\" data-e-type=\"widget\" data-widget_type=\"text-editor.default\">\n\t\t\t\t\t\t\t\t\t<p><strong>Quando \u00e8 esaurito. Non c'\u00e8 pi\u00f9!<\/strong><\/p>\t\t\t\t\t\t\t\t<\/div>\n\t\t\t\t<\/div>\n\t\t\t\t\t<\/div>\n\t\t\t\t<\/div>\n\t\t\t\t<\/div>","protected":false},"excerpt":{"rendered":"<p>Your NEXT UNFORGETTABLE MOMENTS Starts here! BEST SELLER Discover more N.1 IBIZA BOAT PARTY Discover more ALL YOU CAN DRINK! Discover more Best formentera excursions From epic Boat Party and excursions to luxury yachts from exclusive club access to private villasWe&#8217;re here 24\/7 to help you plan your ultimate Ibiza Experience When it&#8217;s sold out. [&hellip;]<\/p>","protected":false},"author":1,"featured_media":0,"parent":0,"menu_order":0,"comment_status":"closed","ping_status":"closed","template":"","meta":{"_seopress_robots_primary_cat":"","_seopress_titles_title":"","_seopress_titles_desc":"Experience the best Ibiza excursions including boat parties, private villas, and exclusive nightclub access. Make your Ibiza trip exceptional.","_seopress_robots_index":"","footnotes":""},"class_list":["post-9743","page","type-page","status-publish","hentry"],"_links":{"self":[{"href":"https:\/\/gxcibiza.com\/it\/wp-json\/wp\/v2\/pages\/9743","targetHints":{"allow":["GET"]}}],"collection":[{"href":"https:\/\/gxcibiza.com\/it\/wp-json\/wp\/v2\/pages"}],"about":[{"href":"https:\/\/gxcibiza.com\/it\/wp-json\/wp\/v2\/types\/page"}],"author":[{"embeddable":true,"href":"https:\/\/gxcibiza.com\/it\/wp-json\/wp\/v2\/users\/1"}],"replies":[{"embeddable":true,"href":"https:\/\/gxcibiza.com\/it\/wp-json\/wp\/v2\/comments?post=9743"}],"version-history":[{"count":8,"href":"https:\/\/gxcibiza.com\/it\/wp-json\/wp\/v2\/pages\/9743\/revisions"}],"predecessor-version":[{"id":9756,"href":"https:\/\/gxcibiza.com\/it\/wp-json\/wp\/v2\/pages\/9743\/revisions\/9756"}],"wp:attachment":[{"href":"https:\/\/gxcibiza.com\/it\/wp-json\/wp\/v2\/media?parent=9743"}],"curies":[{"name":"wp","href":"https:\/\/api.w.org\/{rel}","templated":true}]}}